{"id":193,"date":"2021-08-11T13:15:59","date_gmt":"2021-08-11T11:15:59","guid":{"rendered":"http:\/\/oncas.es\/?page_id=193"},"modified":"2022-05-18T12:29:19","modified_gmt":"2022-05-18T10:29:19","slug":"que-es-oncas","status":"publish","type":"page","link":"http:\/\/oncas.es\/index.php\/que-es-oncas\/","title":{"rendered":"Qu\u00e9 es ONCAS"},"content":{"rendered":"\n<p><em><strong>Definici\u00f3n de ONCAS<\/strong><\/em><\/p>\n\n\n\n<p>El Observatorio Nacional de Conducci\u00f3n Automatizada y Sostenible es un comisi\u00f3n de trabajo formado por diferentes profesionales y entidades a iniciativa de la Confederaci\u00f3n Nacional de Autoescuelas (CNAE).<\/p>\n\n\n\n<figure class=\"wp-block-image size-large is-resized\"><img loading=\"lazy\" src=\"http:\/\/oncas.es\/wp-content\/uploads\/2019\/11\/13939-1024x683.jpg\" alt=\"\" class=\"wp-image-71\" width=\"840\" height=\"560\" srcset=\"http:\/\/oncas.es\/wp-content\/uploads\/2019\/11\/13939-1024x683.jpg 1024w, http:\/\/oncas.es\/wp-content\/uploads\/2019\/11\/13939-300x200.jpg 300w, http:\/\/oncas.es\/wp-content\/uploads\/2019\/11\/13939-768x512.jpg 768w\" sizes=\"(max-width: 840px) 100vw, 840px\" \/><\/figure>\n\n\n\n<p><strong><em>Misi\u00f3n de ONCAS<\/em><\/strong><\/p>\n\n\n\n<p>Nuestra misi\u00f3n es facilitar al profesional de formaci\u00f3n vial, a las personas que conducen y a la ciudadan\u00eda en general, las herramientas necesarias para una conducci\u00f3n automatizada, segura, eficiente y sostenible.<\/p>\n\n\n\n<figure class=\"wp-block-image size-large is-resized\"><img loading=\"lazy\" src=\"http:\/\/oncas.es\/wp-content\/uploads\/2019\/11\/114-1024x683.jpg\" alt=\"\" class=\"wp-image-65\" width=\"839\" height=\"559\" srcset=\"http:\/\/oncas.es\/wp-content\/uploads\/2019\/11\/114-1024x683.jpg 1024w, http:\/\/oncas.es\/wp-content\/uploads\/2019\/11\/114-300x200.jpg 300w, http:\/\/oncas.es\/wp-content\/uploads\/2019\/11\/114-768x512.jpg 768w, http:\/\/oncas.es\/wp-content\/uploads\/2019\/11\/114.jpg 1728w\" sizes=\"(max-width: 839px) 100vw, 839px\" \/><\/figure>\n\n\n\n<p><em><strong>Visi\u00f3n de ONCAS<\/strong><\/em><\/p>\n\n\n\n<p>Nuestra visi\u00f3n es avanzar con la automatizaci\u00f3n del veh\u00edculo, acompa\u00f1ada de una formaci\u00f3n de calidad y poniendo en valor el papel del operador humano en cada uno de los niveles de automatizaci\u00f3n.<\/p>\n\n\n\n<figure class=\"wp-block-image size-large is-resized\"><img loading=\"lazy\" src=\"http:\/\/oncas.es\/wp-content\/uploads\/2019\/11\/127-1024x678.jpg\" alt=\"\" class=\"wp-image-66\" width=\"838\" height=\"554\" srcset=\"http:\/\/oncas.es\/wp-content\/uploads\/2019\/11\/127-1024x678.jpg 1024w, http:\/\/oncas.es\/wp-content\/uploads\/2019\/11\/127-300x199.jpg 300w, http:\/\/oncas.es\/wp-content\/uploads\/2019\/11\/127-768x508.jpg 768w, http:\/\/oncas.es\/wp-content\/uploads\/2019\/11\/127.jpg 1440w\" sizes=\"(max-width: 838px) 100vw, 838px\" \/><\/figure>\n\n\n\n<h3 id=\"block-99f6f03b-bbb6-4995-9903-b189d1d31abb\"><br><strong><em>Nuestro objetivo<\/em><\/strong><\/h3>\n\n\n\n<p id=\"block-2ed7cc8f-d861-4d9a-85e9-50be31cd0a0a\">Mantener una constante&nbsp;<strong>observancia de&nbsp;la evoluci\u00f3n&nbsp;e implantaci\u00f3n&nbsp;<\/strong>de los diferentes niveles de&nbsp;<strong>automatizaci\u00f3n de veh\u00edculos<\/strong>,&nbsp;<strong>su sostenibilidad<\/strong>&nbsp;y seguridad vial en la movilidad, para el desarrollo de una formaci\u00f3n y educaci\u00f3n vial de calidad,&nbsp; facilitando el acceso a la misma,&nbsp;<strong>a toda la&nbsp;poblaci\u00f3n.<\/strong><\/p>\n\n\n\n<ul id=\"block-b4ef2012-2b8d-4a8d-921a-e2337e6ebe01\"><li>Conocer&nbsp;<strong>los avances tecnol\u00f3gicos<\/strong>&nbsp;que sobre conectividad, automatizaci\u00f3n y sistemas ADAS se est\u00e9n implantando en&nbsp;<strong>veh\u00edculos<\/strong>&nbsp;<strong>y v\u00edas.<br><\/strong><\/li><li>Realizar un&nbsp;<strong>seguimiento&nbsp;legislativo&nbsp;<\/strong>a nivel nacional e internacional sobre los nuevos avances en la conducci\u00f3n aut\u00f3nomatizada y sostenible.<br><\/li><li>Determinar y conocer el&nbsp;<strong>papel del factor humano<\/strong>&nbsp;en este nuevo paradigma de conducci\u00f3n y movilidad.<br><\/li><li>Analizar los&nbsp;<strong>posibles riesgos<\/strong>&nbsp;que sobre la movilidad, la seguridad vial y la sostenibilidad pueda tener la conectividad y la conducci\u00f3n automatizada.<br><\/li><li>Conocer la&nbsp;<strong>opini\u00f3n y visi\u00f3n de&nbsp;expertos<\/strong>, as\u00ed como&nbsp;<strong>los&nbsp;avances de las administraciones<\/strong>&nbsp;sobre la conducci\u00f3n automatizada y sostenible.<\/li><\/ul>\n\n\n\n<p><\/p>\n\n\n\n<p><strong><em>Compromisos<\/em><\/strong><\/p>\n\n\n\n<ul id=\"block-0557e960-1fb6-4b69-b7dc-3468e7e46bbc\"><li>Incentivar por la&nbsp;<strong>formaci\u00f3n adecuada del profesorado de formaci\u00f3n vial y de&nbsp;la ciudadan\u00eda&nbsp;<\/strong>frente a los diferentes niveles de automatizaci\u00f3n.<br>\ufeff<\/li><li>Aportar&nbsp;<strong>soluciones a la sociedad&nbsp;<\/strong>y aunar esfuerzos para abordar los posibles retos que tenga la implantaci\u00f3n de la conducci\u00f3n automatizada y sostenible.<br>\ufeff<\/li><li>Promover&nbsp;<strong>valores&nbsp;\u00e9ticos y&nbsp;sociales&nbsp;<\/strong>dentro la conducci\u00f3n automatizada y sostenible.<br>\ufeff<\/li><li>Poner en&nbsp;<strong>valor a los centros&nbsp;y&nbsp;profesionales de formaci\u00f3n&nbsp;<\/strong>vial para su participaci\u00f3n activa en el proceso de ense\u00f1anza de la conducci\u00f3n automatizada y sostenible.<\/li><\/ul>\n","protected":false},"excerpt":{"rendered":"<p>Definici\u00f3n de ONCAS El Observatorio Nacional de Conducci\u00f3n Automatizada y Sostenible es un comisi\u00f3n de trabajo formado por diferentes profesionales y entidades a iniciativa de la Confederaci\u00f3n Nacional de Autoescuelas (CNAE). Misi\u00f3n de ONCAS Nuestra misi\u00f3n es facilitar al profesional de formaci\u00f3n vial, a las personas que conducen y a la ciudadan\u00eda en general, las [&hellip;]<\/p>\n","protected":false},"author":1,"featured_media":341,"parent":0,"menu_order":0,"comment_status":"closed","ping_status":"closed","template":"","meta":[],"_links":{"self":[{"href":"http:\/\/oncas.es\/index.php\/wp-json\/wp\/v2\/pages\/193"}],"collection":[{"href":"http:\/\/oncas.es\/index.php\/wp-json\/wp\/v2\/pages"}],"about":[{"href":"http:\/\/oncas.es\/index.php\/wp-json\/wp\/v2\/types\/page"}],"author":[{"embeddable":true,"href":"http:\/\/oncas.es\/index.php\/wp-json\/wp\/v2\/users\/1"}],"replies":[{"embeddable":true,"href":"http:\/\/oncas.es\/index.php\/wp-json\/wp\/v2\/comments?post=193"}],"version-history":[{"count":4,"href":"http:\/\/oncas.es\/index.php\/wp-json\/wp\/v2\/pages\/193\/revisions"}],"predecessor-version":[{"id":265,"href":"http:\/\/oncas.es\/index.php\/wp-json\/wp\/v2\/pages\/193\/revisions\/265"}],"wp:featuredmedia":[{"embeddable":true,"href":"http:\/\/oncas.es\/index.php\/wp-json\/wp\/v2\/media\/341"}],"wp:attachment":[{"href":"http:\/\/oncas.es\/index.php\/wp-json\/wp\/v2\/media?parent=193"}],"curies":[{"name":"wp","href":"https:\/\/api.w.org\/{rel}","templated":true}]}}